{"id":2,"date":"2006-12-09T20:32:01","date_gmt":"2006-12-09T20:32:01","guid":{"rendered":""},"modified":"2010-11-20T08:36:15","modified_gmt":"2010-11-20T07:36:15","slug":"about","status":"publish","type":"page","link":"https:\/\/www.spikesoft.ch\/?page_id=2","title":{"rendered":"About me"},"content":{"rendered":"<p>Je trouve relativement pompeux de s&#8217;\u00e9taler sur sa propre personne, vous apprendrez donc ici le strict n\u00e9cessaire \u00e0 mon sujet.<\/p>\n<p>J&#8217;ai 29 ans j&#8217;ai termin\u00e9 en 2006 mes \u00e9tudes d&#8217;informatique \u00e0 l&#8217;<a href=\"http:\/\/www.epfl.ch\" target=\"_blank\">EPFL<\/a> et je porte donc le titre d&#8217;ing\u00e9nieur informaticien diplom\u00e9 EPF. J&#8217;ai travaill\u00e9 pendant pr\u00e8s de trois ans et demi \u00e0 Z\u00fcrich dans une soci\u00e9t\u00e9 produisant un logiciel bancaire et qui se nomme <a href=\"http:\/\/www.avaloq.com\">Avaloq<\/a>. Depuis le 1er janvier 2010 je travaille chez <a href=\"http:\/\/www.elca.ch\" target=\"_blank\">Elca Informatique SA<\/a>.<\/p>\n<p>Si vous \u00eates int\u00e9ress\u00e9 par mon profil professionnel le plus simple est de consulter mon profil <a href=\"http:\/\/ch.linkedin.com\/in\/jpaschoud\" target=\"_blank\">LinkedIn<\/a> ou <a href=\"https:\/\/www.xing.com\/profile\/Jerome_Paschoud\" target=\"_blank\">Xing<\/a>.<\/p>\n","protected":false},"excerpt":{"rendered":"<p>Je trouve relativement pompeux de s&#8217;\u00e9taler sur sa propre personne, vous apprendrez donc ici le strict n\u00e9cessaire \u00e0 mon sujet. J&#8217;ai 29 ans j&#8217;ai termin\u00e9 en 2006 mes \u00e9tudes d&#8217;informatique \u00e0 l&#8217;EPFL et je porte donc le titre d&#8217;ing\u00e9nieur informaticien &hellip; <a href=\"https:\/\/www.spikesoft.ch\/?page_id=2\">Continue reading <span class=\"meta-nav\">&rarr;<\/span><\/a><\/p>\n","protected":false},"author":2,"featured_media":0,"parent":0,"menu_order":0,"comment_status":"open","ping_status":"open","template":"","meta":{"footnotes":""},"class_list":["post-2","page","type-page","status-publish","hentry"],"_links":{"self":[{"href":"https:\/\/www.spikesoft.ch\/index.php?rest_route=\/wp\/v2\/pages\/2","targetHints":{"allow":["GET"]}}],"collection":[{"href":"https:\/\/www.spikesoft.ch\/index.php?rest_route=\/wp\/v2\/pages"}],"about":[{"href":"https:\/\/www.spikesoft.ch\/index.php?rest_route=\/wp\/v2\/types\/page"}],"author":[{"embeddable":true,"href":"https:\/\/www.spikesoft.ch\/index.php?rest_route=\/wp\/v2\/users\/2"}],"replies":[{"embeddable":true,"href":"https:\/\/www.spikesoft.ch\/index.php?rest_route=%2Fwp%2Fv2%2Fcomments&post=2"}],"version-history":[{"count":5,"href":"https:\/\/www.spikesoft.ch\/index.php?rest_route=\/wp\/v2\/pages\/2\/revisions"}],"predecessor-version":[{"id":599,"href":"https:\/\/www.spikesoft.ch\/index.php?rest_route=\/wp\/v2\/pages\/2\/revisions\/599"}],"wp:attachment":[{"href":"https:\/\/www.spikesoft.ch\/index.php?rest_route=%2Fwp%2Fv2%2Fmedia&parent=2"}],"curies":[{"name":"wp","href":"https:\/\/api.w.org\/{rel}","templated":true}]}}